{"id":55,"date":"2013-01-01T17:53:45","date_gmt":"2013-01-01T16:53:45","guid":{"rendered":"http:\/\/www.a09lauftreff.de\/?page_id=55"},"modified":"2013-01-01T17:53:45","modified_gmt":"2013-01-01T16:53:45","slug":"termine","status":"publish","type":"page","link":"https:\/\/www.a09lauftreff.de\/?page_id=55","title":{"rendered":"Termine"},"content":{"rendered":"<p>\t\t\t\tUnser Lauftreff trifft sich regelm\u00e4\u00dfig Dienstags um 19:30 und Donnerstags um 19:30 Uhr statt. Ge\u00e4nderte Treffpunkte werden \u00fcber diese Webseite oder facebook bekannt gegeben.<b><br \/>\n<\/b><br \/>\n<strong>Treffpunkte Dienstags<\/strong><\/p>\n<p>1. &amp; 3. &amp; 5. Dienstag im Monat\u00a019.30 Uhr Info-Tafel am Niederfeldsee \/ Route: Rund um Altendorf<\/p>\n<p>2. &amp; 4. Dienstag im Monat 19.30 Uhr A09-Stein Bockm\u00fchle \/ Route: Rund um Frohnhausen und Borbeck<\/p>\n<p><strong>Treffpunkt Donnerstags: Sommer<\/strong><\/p>\n<p>um etwas Abwechslung in den Laufalltag zu bekommen werden die Strecken w\u00f6chentlich ge\u00e4ndert. &#8212; bitte den jeweiligen Treffpunkt erfragen<\/p>\n<h2>Treffpunkt Donnerstags : Winter<br \/>\n19:15 Treffpunkt am A09 Stein \/ Bockm\u00fchle zur gemeinsamen Fahrt zur beleuchteten Laufstrecke in der Gruga.<\/p>\n<p>19:30 Treffpunkt an der Orangerie<\/h2>\n<p><strong>Treffpunkt Sonntags<\/strong><br \/>\nNach Absprache am Donnerstag 11.00 Uhr A09-Stein-Bockm\u00fchle \u00a0 \u00a0 \u00a0 \u00a0 \u00a0 \u00a0\u00a0 \u00a0 \u00a0 \u00a0 \u00a0 \u00a0 \u00a0 Route: Intervall und Kondition<\/p>\n<p><strong>Laufevents mit Teilnahme unseres Lauftreff<\/strong><\/p>\n<p><strong>Termine 2022:\u00a0<\/strong><\/p>\n<p>Januar: Egmond Kwartmarathon<\/p>\n<p>Fr\u00fchjahr: Winterlaufserie Duisburg\t\t<\/p>\n","protected":false},"excerpt":{"rendered":"<p>Unser Lauftreff trifft sich regelm\u00e4\u00dfig Dienstags um 19:30 und Donnerstags um 19:30 Uhr statt. Ge\u00e4nderte Treffpunkte werden \u00fcber diese Webseite oder facebook bekannt gegeben. Treffpunkte Dienstags 1. &amp; 3. &amp; 5. Dienstag im Monat\u00a019.30 Uhr Info-Tafel am Niederfeldsee \/ Route: &hellip; <a href=\"https:\/\/www.a09lauftreff.de\/?page_id=55\">Weiterlesen <span class=\"meta-nav\">&rarr;<\/span><\/a> <a href=\"https:\/\/www.a09lauftreff.de\/?page_id=55\">Weiterlesen <span class=\"meta-nav\">&rarr;<\/span><\/a><\/p>\n","protected":false},"author":2,"featured_media":0,"parent":0,"menu_order":1,"comment_status":"closed","ping_status":"closed","template":"","meta":{"footnotes":""},"class_list":["post-55","page","type-page","status-publish","hentry"],"_links":{"self":[{"href":"https:\/\/www.a09lauftreff.de\/index.php?rest_route=\/wp\/v2\/pages\/55","targetHints":{"allow":["GET"]}}],"collection":[{"href":"https:\/\/www.a09lauftreff.de\/index.php?rest_route=\/wp\/v2\/pages"}],"about":[{"href":"https:\/\/www.a09lauftreff.de\/index.php?rest_route=\/wp\/v2\/types\/page"}],"author":[{"embeddable":true,"href":"https:\/\/www.a09lauftreff.de\/index.php?rest_route=\/wp\/v2\/users\/2"}],"replies":[{"embeddable":true,"href":"https:\/\/www.a09lauftreff.de\/index.php?rest_route=%2Fwp%2Fv2%2Fcomments&post=55"}],"version-history":[{"count":0,"href":"https:\/\/www.a09lauftreff.de\/index.php?rest_route=\/wp\/v2\/pages\/55\/revisions"}],"wp:attachment":[{"href":"https:\/\/www.a09lauftreff.de\/index.php?rest_route=%2Fwp%2Fv2%2Fmedia&parent=55"}],"curies":[{"name":"wp","href":"https:\/\/api.w.org\/{rel}","templated":true}]}}