{"id":11,"date":"2012-12-31T16:45:04","date_gmt":"2012-12-31T15:45:04","guid":{"rendered":"http:\/\/www.a09lauftreff.de\/?page_id=11"},"modified":"2012-12-31T16:45:04","modified_gmt":"2012-12-31T15:45:04","slug":"impressum","status":"publish","type":"page","link":"https:\/\/www.a09lauftreff.de\/?page_id=11","title":{"rendered":"Impressum"},"content":{"rendered":"<p>\t\t\t\t<strong>Abteilungsleiter Lauftreff:<\/strong><br \/>\nJ\u00f6rg B\u00f6rskens<\/p>\n<p><strong>Stellvertretende Abteilungsleiterin Lauftreff:<\/strong><br \/>\nSabine Brockm\u00fcller<\/p>\n<p><strong>Kontakt Allgemein A09-Lauftreff<\/strong><br \/>\n<a title=\"info@a09lauftreff.de\" href=\"mailto:info@a09lauftreff.de\" target=\"_blank\" rel=\"noopener noreferrer\">info@a09lauftreff.de<\/a><br \/>\n<strong>Gesamtverein:<\/strong><br \/>\nDJK Altendorf 09 Essen e. V.<br \/>\nc\/o Michael Stottrop<br \/>\nstottrop@altendorf09.de<br \/>\nMilendonkweg 16<br \/>\n45356 Essen<br \/>\ninfo@altendorf09.de<br \/>\nVertretungsberechtigter Vorstand:<br \/>\nMichael Stottrop,<\/p>\n<p>hosting by <a title=\"linudata - home of happy servers\" href=\"http:\/\/www.linudata.de\" target=\"_blank\" rel=\"noopener noreferrer\">linudata GmbH &#8211; Essen<\/a>\t\t<\/p>\n","protected":false},"excerpt":{"rendered":"<p>Abteilungsleiter Lauftreff: J\u00f6rg B\u00f6rskens Stellvertretende Abteilungsleiterin Lauftreff: Sabine Brockm\u00fcller Kontakt Allgemein A09-Lauftreff info@a09lauftreff.de Gesamtverein: DJK Altendorf 09 Essen e. V. c\/o Michael Stottrop stottrop@altendorf09.de Milendonkweg 16 45356 Essen info@altendorf09.de Vertretungsberechtigter Vorstand: Michael Stottrop, hosting by linudata GmbH &#8211; Essen <a href=\"https:\/\/www.a09lauftreff.de\/?page_id=11\">Weiterlesen <span class=\"meta-nav\">&rarr;<\/span><\/a><\/p>\n","protected":false},"author":2,"featured_media":0,"parent":0,"menu_order":3,"comment_status":"closed","ping_status":"closed","template":"","meta":{"footnotes":""},"class_list":["post-11","page","type-page","status-publish","hentry"],"_links":{"self":[{"href":"https:\/\/www.a09lauftreff.de\/index.php?rest_route=\/wp\/v2\/pages\/11","targetHints":{"allow":["GET"]}}],"collection":[{"href":"https:\/\/www.a09lauftreff.de\/index.php?rest_route=\/wp\/v2\/pages"}],"about":[{"href":"https:\/\/www.a09lauftreff.de\/index.php?rest_route=\/wp\/v2\/types\/page"}],"author":[{"embeddable":true,"href":"https:\/\/www.a09lauftreff.de\/index.php?rest_route=\/wp\/v2\/users\/2"}],"replies":[{"embeddable":true,"href":"https:\/\/www.a09lauftreff.de\/index.php?rest_route=%2Fwp%2Fv2%2Fcomments&post=11"}],"version-history":[{"count":0,"href":"https:\/\/www.a09lauftreff.de\/index.php?rest_route=\/wp\/v2\/pages\/11\/revisions"}],"wp:attachment":[{"href":"https:\/\/www.a09lauftreff.de\/index.php?rest_route=%2Fwp%2Fv2%2Fmedia&parent=11"}],"curies":[{"name":"wp","href":"https:\/\/api.w.org\/{rel}","templated":true}]}}